{"id":33,"date":"2022-09-17T02:19:06","date_gmt":"2022-09-17T00:19:06","guid":{"rendered":"http:\/\/compagnielawen.com\/?page_id=33"},"modified":"2024-03-13T14:09:18","modified_gmt":"2024-03-13T13:09:18","slug":"agenda","status":"publish","type":"page","link":"https:\/\/compagnielawen.com\/index.php\/agenda\/","title":{"rendered":"Agenda"},"content":{"rendered":"\n<p><br><font style=\"vertical-align: inherit;\"><font style=\"vertical-align: inherit;\"><font style=\"vertical-align: inherit;\"><font style=\"vertical-align: inherit;\">Du&nbsp;  <\/font><\/font><\/font><\/font><strong><font style=\"vertical-align: inherit;\"><font style=\"vertical-align: inherit;\"><font style=\"vertical-align: inherit;\"><font style=\"vertical-align: inherit;\">12 au 14 avril 2024 au <\/font><a href=\"https:\/\/quai9.bzh\/saison\/evenement\/news\/metamorphoses\/\" data-type=\"link\" data-id=\"https:\/\/quai9.bzh\/saison\/evenement\/news\/metamorphoses\/\"><font style=\"vertical-align: inherit;\">th\u00e9\u00e2tre Quai9 \u00e0 Lanester<\/font><\/a><\/font><\/font><\/font><\/strong><font style=\"vertical-align: inherit;\"><font style=\"vertical-align: inherit;\"><font style=\"vertical-align: inherit;\"><font style=\"vertical-align: inherit;\"><a href=\"https:\/\/quai9.bzh\/saison\/evenement\/news\/metamorphoses\/\" data-type=\"link\" data-id=\"https:\/\/quai9.bzh\/saison\/evenement\/news\/metamorphoses\/\">&nbsp;(56)<\/a><\/font><\/font><\/font><\/font><br><\/p>\n\n\n\n<p><font style=\"vertical-align: inherit;\"><font style=\"vertical-align: inherit;\">Du 16 avril au 3 mai 2024 : Haras National d&rsquo;Hennebont (adaptation plein air)    <\/font><\/font><\/p>\n\n\n\n<p class=\"has-text-align-center has-text-color\" style=\"color:#8591b6\"><strong>Autres Projets \u00e0 venir de Calou et Nolwen<\/strong> <\/p>\n\n\n\n<hr class=\"wp-block-separator has-alpha-channel-opacity is-style-default\"\/>\n\n\n\n<h4 class=\"wp-block-heading has-text-align-center\">Date pass\u00e9<\/h4>\n\n\n\n<p>Du <strong>26 d\u00e9cembre 2023 au 7 janvier 2024<\/strong> : spectacle \u00ab apr\u00e8s la f\u00eate \u00bb avec la compagnie Jehol au <a href=\"https:\/\/www.ehnc.fr\/portfolio\/spectacle-equestre-de-noel\/\" data-type=\"link\" data-id=\"https:\/\/www.ehnc.fr\/portfolio\/spectacle-equestre-de-noel\/\">Haras National de Cluny<\/a> (reprise de r\u00f4les)<\/p>\n\n\n\n<p><font style=\"vertical-align: inherit;\"><font style=\"vertical-align: inherit;\"><font style=\"vertical-align: inherit;\"><font style=\"vertical-align: inherit;\">Du&nbsp;  <\/font><\/font><\/font><\/font><strong><font style=\"vertical-align: inherit;\"><font style=\"vertical-align: inherit;\"><font style=\"vertical-align: inherit;\"><font style=\"vertical-align: inherit;\">15 au 20 d\u00e9cembre au<\/font><\/font><\/font><\/font><\/strong><a href=\"https:\/\/www.leplongeoir-cirque.fr\/spectacles\/metamorphoses\/\" data-type=\"link\" data-id=\"https:\/\/www.leplongeoir-cirque.fr\/spectacles\/metamorphoses\/\"><strong><font style=\"vertical-align: inherit;\"><font style=\"vertical-align: inherit;\"><font style=\"vertical-align: inherit;\"><font style=\"vertical-align: inherit;\"> Plongeoir au Mans<\/font><\/font><\/font><\/font><\/strong><font style=\"vertical-align: inherit;\"><font style=\"vertical-align: inherit;\"><font style=\"vertical-align: inherit;\"><font style=\"vertical-align: inherit;\">&nbsp;(72)<\/font><\/font><\/font><\/font><\/a><font style=\"vertical-align: inherit;\"><font style=\"vertical-align: inherit;\"><font style=\"vertical-align: inherit;\"><font style=\"vertical-align: inherit;\"> accueilli par la Cit\u00e9 du cirque<\/font><\/font><\/font><\/font><br><font style=\"vertical-align: inherit;\"><font style=\"vertical-align: inherit;\"><font style=\"vertical-align: inherit;\"><font style=\"vertical-align: inherit;\">Du&nbsp;  <\/font><\/font><\/font><\/font><strong><font style=\"vertical-align: inherit;\"><font style=\"vertical-align: inherit;\"><font style=\"vertical-align: inherit;\"><font style=\"vertical-align: inherit;\">9 au 10 d\u00e9cembre : <\/font><\/font><\/font><\/font><\/strong><a href=\"https:\/\/www.scenes-vosges.com\/Programmation\/Cirque\/Metamorphoses-00531.html\"><strong><font style=\"vertical-align: inherit;\"><font style=\"vertical-align: inherit;\"><font style=\"vertical-align: inherit;\"><font style=\"vertical-align: inherit;\">L<\/font><\/font><\/font><\/font><\/strong><\/a> <a href=\"https:\/\/www.scenes-vosges.com\/Programmation\/Cirque\/Metamorphoses-00531.html\"><strong><font style=\"vertical-align: inherit;\"><font style=\"vertical-align: inherit;\"><font style=\"vertical-align: inherit;\"><font style=\"vertical-align: inherit;\">a Rotonde \u00e0 Taon les Vosges<\/font><\/font><\/font><\/font><\/strong><font style=\"vertical-align: inherit;\"><font style=\"vertical-align: inherit;\"><font style=\"vertical-align: inherit;\"><font style=\"vertical-align: inherit;\">  &nbsp;(88)<\/font><\/font><\/font><\/font><\/a><font style=\"vertical-align: inherit;\"><font style=\"vertical-align: inherit;\">   accueillie par sc\u00e8ne vosges <\/font><\/font><br><font style=\"vertical-align: inherit;\"><font style=\"vertical-align: inherit;\">Du <\/font><\/font><strong><font style=\"vertical-align: inherit;\"><font style=\"vertical-align: inherit;\"><font style=\"vertical-align: inherit;\"><font style=\"vertical-align: inherit;\">15 au 18 novembre : <\/font><\/font><\/font><\/font><\/strong><a href=\"https:\/\/www.scenesdugolfe.com\/metamorphoses-tab-669.html\"><strong><font style=\"vertical-align: inherit;\"><font style=\"vertical-align: inherit;\"><font style=\"vertical-align: inherit;\"><font style=\"vertical-align: inherit;\">Cit\u00e9 des arts de Vannes<\/font><\/font><\/font><\/font><\/strong><font style=\"vertical-align: inherit;\"><font style=\"vertical-align: inherit;\"><font style=\"vertical-align: inherit;\"><font style=\"vertical-align: inherit;\">  &nbsp;(56)<\/font><\/font><\/font><\/font><\/a><font style=\"vertical-align: inherit;\"><font style=\"vertical-align: inherit;\"> accueilli par sc\u00e8nes du golfe <\/font><\/font><\/p>\n\n\n\n<p><br>Du 24 au 29 septembre 2023 : les \u00ab r\u00e9cr\u00e9ations \u00bb, 10 repr\u00e9sentations surprises d\u2019un extrait du spectacle dans des lieux tenus secrets de l\u2019agglom\u00e9ration de Vannes.&nbsp; <\/p>\n","protected":false},"excerpt":{"rendered":"<p>Du&nbsp; 12 au 14 avril 2024 au th\u00e9\u00e2tre Quai9 \u00e0 Lanester&nbsp;(56) Du 16 avril au 3 mai 2024 : Haras National d&rsquo;Hennebont (adaptation plein air) Autres Projets \u00e0 venir de Calou et Nolwen Date pass\u00e9 Du 26 d\u00e9cembre 2023 au 7 janvier 2024 : spectacle \u00ab apr\u00e8s la f\u00eate \u00bb avec la compagnie Jehol au [&hellip;]<\/p>\n","protected":false},"author":1,"featured_media":0,"parent":0,"menu_order":0,"comment_status":"closed","ping_status":"closed","template":"","meta":{"footnotes":""},"class_list":["post-33","page","type-page","status-publish","hentry"],"_links":{"self":[{"href":"https:\/\/compagnielawen.com\/index.php\/wp-json\/wp\/v2\/pages\/33","targetHints":{"allow":["GET"]}}],"collection":[{"href":"https:\/\/compagnielawen.com\/index.php\/wp-json\/wp\/v2\/pages"}],"about":[{"href":"https:\/\/compagnielawen.com\/index.php\/wp-json\/wp\/v2\/types\/page"}],"author":[{"embeddable":true,"href":"https:\/\/compagnielawen.com\/index.php\/wp-json\/wp\/v2\/users\/1"}],"replies":[{"embeddable":true,"href":"https:\/\/compagnielawen.com\/index.php\/wp-json\/wp\/v2\/comments?post=33"}],"version-history":[{"count":18,"href":"https:\/\/compagnielawen.com\/index.php\/wp-json\/wp\/v2\/pages\/33\/revisions"}],"predecessor-version":[{"id":547,"href":"https:\/\/compagnielawen.com\/index.php\/wp-json\/wp\/v2\/pages\/33\/revisions\/547"}],"wp:attachment":[{"href":"https:\/\/compagnielawen.com\/index.php\/wp-json\/wp\/v2\/media?parent=33"}],"curies":[{"name":"wp","href":"https:\/\/api.w.org\/{rel}","templated":true}]}}